{"id":3951,"date":"2021-12-08T08:15:43","date_gmt":"2021-12-08T08:15:43","guid":{"rendered":"https:\/\/pieternieuwland.nl\/winkel\/?post_type=product&#038;p=3951"},"modified":"2024-12-10T13:42:13","modified_gmt":"2024-12-10T13:42:13","slug":"11-stuks-van-een-kaart","status":"publish","type":"product","link":"https:\/\/pieternieuwland.nl\/winkel\/product\/11-stuks-van-een-kaart\/","title":{"rendered":"Kaartset 2023 11 stuks van \u00e9\u00e9n kaart"},"content":{"rendered":"<p>Met deze optie kunt u van \u00e9\u00e9n kaart meteen 11 exemplaren bestellen voor de setprijs van 10,00.<\/p>\n<p><strong>Vermeld de gewenste kaart bij de laatste stap, de betaalpagina, bij &#8216;bestelnotities&#8217;.\u00a0<\/strong><\/p>\n<p>&nbsp;<\/p>\n","protected":false},"excerpt":{"rendered":"<p>Bestel 11 exemplaren van \u00e9\u00e9n kaart voor de setprijs van 10,00.<\/p>\n<p><strong>Vermeld de gewenste kaart bij de laatste stap, de betaalpagina, bij \u2018bestelnotities\u2019.<\/strong><\/p>\n","protected":false},"featured_media":6362,"template":"","meta":[],"product_brand":[],"product_cat":[24,33],"product_tag":[],"class_list":{"0":"post-3951","1":"product","2":"type-product","3":"status-publish","4":"has-post-thumbnail","6":"product_cat-kaarten","7":"product_cat-kunst-van-leerlingen","8":"product_shipping_class-kaartenset-1x-11-stuks","10":"first","11":"instock","12":"featured","13":"shipping-taxable","14":"purchasable","15":"product-type-simple"},"_links":{"self":[{"href":"https:\/\/pieternieuwland.nl\/winkel\/wp-json\/wp\/v2\/product\/3951","targetHints":{"allow":["GET"]}}],"collection":[{"href":"https:\/\/pieternieuwland.nl\/winkel\/wp-json\/wp\/v2\/product"}],"about":[{"href":"https:\/\/pieternieuwland.nl\/winkel\/wp-json\/wp\/v2\/types\/product"}],"wp:featuredmedia":[{"embeddable":true,"href":"https:\/\/pieternieuwland.nl\/winkel\/wp-json\/wp\/v2\/media\/6362"}],"wp:attachment":[{"href":"https:\/\/pieternieuwland.nl\/winkel\/wp-json\/wp\/v2\/media?parent=3951"}],"wp:term":[{"taxonomy":"product_brand","embeddable":true,"href":"https:\/\/pieternieuwland.nl\/winkel\/wp-json\/wp\/v2\/product_brand?post=3951"},{"taxonomy":"product_cat","embeddable":true,"href":"https:\/\/pieternieuwland.nl\/winkel\/wp-json\/wp\/v2\/product_cat?post=3951"},{"taxonomy":"product_tag","embeddable":true,"href":"https:\/\/pieternieuwland.nl\/winkel\/wp-json\/wp\/v2\/product_tag?post=3951"}],"curies":[{"name":"wp","href":"https:\/\/api.w.org\/{rel}","templated":true}]}}